{"id":17,"date":"2020-07-31T08:52:24","date_gmt":"2020-07-31T08:52:24","guid":{"rendered":"http:\/\/www.transcendentalexperience.net\/index.php\/text\/bibliografia\/"},"modified":"2020-07-31T09:29:40","modified_gmt":"2020-07-31T09:29:40","slug":"bibliografia","status":"publish","type":"page","link":"http:\/\/www.transcendentalexperience.net\/index.php\/la-experiencia-trascendental\/anexos\/bibliografia\/","title":{"rendered":"Bibliograf\u00eda"},"content":{"rendered":"<div>\n<ul>\n<li class=\"Normal-parrafo-inicial para-style-override-32\" style=\"text-align: left;\">Ammann, L.A. (2019). <span class=\"char-style-override-13\"><span style=\"font-style: italic;\">Autoliberaci\u00f3n<\/span>.<\/span> Santiago, Chile: Virtual Ediciones<\/li>\n<li class=\"Normal-parrafo-inicial para-style-override-32\" style=\"text-align: left;\">Cleary, T. (1995). <span style=\"font-style: italic;\">Traducci\u00f3n de<\/span><span style=\"font-style: italic;\"> <span class=\"char-style-override-13\">El secreto de la Flor de Oro<\/span><\/span><span style=\"font-style: italic;\">.<\/span> Madrid: Edaf<\/li>\n<li class=\"Normal-parrafo-inicial para-style-override-32\" style=\"text-align: left;\">Eliade, M. (2009). <span class=\"char-style-override-13\" style=\"font-style: italic;\">El chamanismo y las t\u00e9cnicas arcaicas del \u00e9xtasis<\/span><span style=\"font-style: italic;\">.<\/span> Mexico: Fondo de Cultura Econ\u00f3mica<\/li>\n<li class=\"Normal-parrafo-inicial para-style-override-32\" style=\"text-align: left;\">Figueroa, P. (2013). <span class=\"char-style-override-13\" style=\"font-style: italic;\">Silo, el Maestro de nuestro tiempo.<\/span> Santiago de Chile: Virtual Ediciones<\/li>\n<li class=\"Normal-parrafo-inicial para-style-override-32\" style=\"text-align: left;\">Garc\u00eda, F. A. (2013). <span class=\"char-style-override-13\" style=\"font-style: italic;\">Terminolog\u00eda de Escuela. Encuadre y Vocabulario.<\/span> Recuperado el 10 enero 2020 de\u00a0<a href=\"https:\/\/www.parquepuntadevacas.net\/prod.php\">https:\/\/www.parquepuntadevacas.net\/prod.php<\/a><\/li>\n<li class=\"Normal-parrafo-inicial para-style-override-32\" style=\"text-align: left;\"><span xml:lang=\"en-US\">Hutchison, M. (1984).<\/span> <span class=\"char-style-override-13\" style=\"font-style: italic;\" xml:lang=\"en-US\">The book of Floating &#8211; Exploring the Private Sea<\/span><span xml:lang=\"en-US\">.<\/span> New York: Quill<\/li>\n<li class=\"Normal-parrafo-inicial para-style-override-32\" style=\"text-align: left;\">Jung, C. G. (1987). <span class=\"char-style-override-13\"><span style=\"font-style: italic;\">Sobre cosas que se ven en el cielo<\/span>.<\/span> M\u00e9xico: Nilo-Mex<\/li>\n<li class=\"Normal-parrafo-inicial para-style-override-32\" style=\"text-align: left;\">Kjellgren, A., Lyden F. y Norlander, T. (2008). <span class=\"char-style-override-13\" style=\"font-style: italic;\">Sensory isolation in flotation tanks: altered states of consciousness and effects on well-being.<\/span> Recuperado el 10 enero 2020 de <a href=\"https:\/\/nsuworks.nova.edu\/tqr\/vol13\/iss4\/6\/\">https:\/\/nsuworks.nova.edu\/tqr\/vol13\/iss4\/6\/<\/a><\/li>\n<li class=\"Normal-parrafo-inicial para-style-override-32\" style=\"text-align: left;\"><span xml:lang=\"en-US\">Lilly, J.C. (1977)<\/span><span class=\"char-style-override-13\" xml:lang=\"en-US\">. <span style=\"font-style: italic;\">The Deep Self &#8211; Profound relaxation and the tank isolation technique.<\/span><\/span> New York: Simon and Schuster<\/li>\n<li class=\"Normal-parrafo-inicial para-style-override-32\" style=\"text-align: left;\">Lilly, J.C. (1981). <span class=\"char-style-override-13\" style=\"font-style: italic;\">El centro del cicl\u00f3n<\/span><span style=\"font-style: italic;\">.<\/span> Barcelona: Martinez Roca<\/li>\n<li class=\"Normal-parrafo-inicial para-style-override-32\" style=\"text-align: left;\"><span xml:lang=\"en-US\">Lilly, J.C. y Gold E.J. (1995).<\/span> <span style=\"font-style: italic;\"><span class=\"char-style-override-13\" xml:lang=\"en-US\">Tanks for the memories &#8211; Floatation tank talks.<\/span> <\/span><span style=\"font-style: italic;\">(Edici\u00f3n 2001).<\/span> Gateways\/IDHHB, Inc. Publishers<\/li>\n<li class=\"Normal-parrafo-inicial para-style-override-32\" style=\"text-align: left;\">Lumen (Ed.). <span class=\"char-style-override-13\" style=\"font-style: italic;\">La Filocalia, de la Oraci\u00f3n de Jes\u00fas<\/span>, Argentina, 1996.<\/li>\n<li class=\"Normal-parrafo-inicial para-style-override-32\" style=\"text-align: left;\">Padmasambhava. <span class=\"char-style-override-13\" style=\"font-style: italic;\">Bardo Thodol. El libro tibetano de los muertos.<\/span> (Edici\u00f3n 1994). Espa\u00f1a: Obelisco<\/li>\n<li class=\"Normal-parrafo-inicial para-style-override-32\" style=\"text-align: left;\">Palumbo, F. (2014). <span class=\"char-style-override-13\" style=\"font-style: italic;\">Aporte sobre trabajos de Escuela: Ascesis y c\u00e1mara de silencio<\/span><span style=\"font-style: italic;\">.<\/span> Recuperado el 10 enero 2020 de\u00a0<a href=\"https:\/\/www.parquepuntadevacas.net\/prod.php\">https:\/\/www.parquepuntadevacas.net\/prod.php<\/a><\/li>\n<li class=\"Normal-parrafo-inicial para-style-override-32\" style=\"text-align: left;\"><span class=\"char-style-override-27\">Palumbo, F. (2016).<\/span> <span class=\"char-style-override-18\" style=\"font-style: italic;\">Procedimientos en c\u00e1mara de silencio<\/span><span class=\"char-style-override-27\"><span style=\"font-style: italic;\">.<\/span> Recuperado el 10 enero 2020 de<\/span>\u00a0<a href=\"https:\/\/www.parquepuntadevacas.net\/prod.php\">https:\/\/www.parquepuntadevacas.net\/prod.php<\/a><\/li>\n<li class=\"Normal-parrafo-inicial para-style-override-32\" style=\"text-align: left;\"><span class=\"char-style-override-27\">Puledda, S. (2015).<\/span> <span class=\"char-style-override-18\" style=\"font-style: italic;\">El informe T\u00f3karev<\/span><span class=\"char-style-override-27\"><span style=\"font-style: italic;\">.<\/span> Argentina: Hypatia<\/span><\/li>\n<li class=\"Normal-parrafo-inicial para-style-override-32\" style=\"text-align: left;\"><span class=\"char-style-override-27\">Silo. (2002).<\/span> <span class=\"char-style-override-18\" style=\"font-style: italic;\">Obras Completas \u2013 Volumen I<\/span><span class=\"char-style-override-27\"><span style=\"font-style: italic;\">.<\/span> M\u00e9xico D.F.: Plaza y Vald\u00e9s<\/span><\/li>\n<li class=\"Normal-parrafo-inicial para-style-override-32\" style=\"text-align: left;\"><span class=\"char-style-override-27\">Silo. (2004).<\/span> <span class=\"char-style-override-18\"><span style=\"font-style: italic;\">Las Cuatro Disciplinas<\/span>.<\/span> <span class=\"char-style-override-27\">Recuperado el 10 enero 2020 de\u00a0<\/span><a href=\"https:\/\/www.parquepuntadevacas.net\/prod.php\">https:\/\/www.parquepuntadevacas.net\/prod.php<\/a><\/li>\n<li class=\"Normal-parrafo-inicial para-style-override-32\" style=\"text-align: left;\"><span class=\"char-style-override-27\">Silo. (2006).<\/span> <span class=\"char-style-override-18\" style=\"font-style: italic;\">Apuntes de psicolog\u00eda.<\/span> <span class=\"char-style-override-27\">Santiago, Chile: Virtual Ediciones<\/span><\/li>\n<li class=\"Normal-parrafo-inicial para-style-override-32\" style=\"text-align: left;\"><span class=\"char-style-override-18\">Silo. (2018). <span style=\"font-style: italic;\">Seminarios del 80. Salones Hiroshima (Madrid).<\/span><\/span> <span class=\"char-style-override-27\">Madrid, Espa\u00f1a: Le\u00f3n Alado Ediciones (Distribuci\u00f3n en Los Parques de Estudio y Reflexi\u00f3n)<\/span><\/li>\n<li class=\"Normal-parrafo-inicial para-style-override-32\" style=\"text-align: left;\"><span class=\"char-style-override-27\">Schur\u00e9, E. (1970).<\/span> <span class=\"char-style-override-18\" style=\"font-style: italic;\">Los grandes Iniciados<\/span><span class=\"char-style-override-27\"><span style=\"font-style: italic;\">.<\/span> M\u00e9xico: Olimpo Ed.<\/span><\/li>\n<li class=\"Normal-parrafo-inicial para-style-override-32\" style=\"text-align: left;\">Trismegisto, H. (2016). <span class=\"char-style-override-13\" style=\"font-style: italic;\">Obras Completas. Corpus Hermeticum.<\/span> Espa\u00f1a: Sincron\u00eda Ed.<\/li>\n<\/ul>\n<\/div>\n","protected":false},"excerpt":{"rendered":"<p>Ammann, L.A. (2019). Autoliberaci\u00f3n. Santiago, Chile: Virtual Ediciones Cleary, T. (1995). Traducci\u00f3n de El secreto de la Flor de Oro. Madrid: Edaf Eliade, M. (2009). El chamanismo y las t\u00e9cnicas arcaicas del \u00e9xtasis. Mexico: Fondo de Cultura Econ\u00f3mica Figueroa, P. (2013). Silo, el Maestro de nuestro tiempo. Santiago de Chile: Virtual Ediciones Garc\u00eda, F. A. &hellip; <a href=\"http:\/\/www.transcendentalexperience.net\/index.php\/la-experiencia-trascendental\/anexos\/bibliografia\/\" class=\"more-link\">Continue reading<span class=\"screen-reader-text\"> &#8220;Bibliograf\u00eda&#8221;<\/span><\/a><\/p>\n","protected":false},"author":1,"featured_media":0,"parent":14,"menu_order":23,"comment_status":"closed","ping_status":"closed","template":"","meta":{"footnotes":""},"class_list":["post-17","page","type-page","status-publish","hentry"],"_links":{"self":[{"href":"http:\/\/www.transcendentalexperience.net\/index.php\/wp-json\/wp\/v2\/pages\/17","targetHints":{"allow":["GET"]}}],"collection":[{"href":"http:\/\/www.transcendentalexperience.net\/index.php\/wp-json\/wp\/v2\/pages"}],"about":[{"href":"http:\/\/www.transcendentalexperience.net\/index.php\/wp-json\/wp\/v2\/types\/page"}],"author":[{"embeddable":true,"href":"http:\/\/www.transcendentalexperience.net\/index.php\/wp-json\/wp\/v2\/users\/1"}],"replies":[{"embeddable":true,"href":"http:\/\/www.transcendentalexperience.net\/index.php\/wp-json\/wp\/v2\/comments?post=17"}],"version-history":[{"count":3,"href":"http:\/\/www.transcendentalexperience.net\/index.php\/wp-json\/wp\/v2\/pages\/17\/revisions"}],"predecessor-version":[{"id":109,"href":"http:\/\/www.transcendentalexperience.net\/index.php\/wp-json\/wp\/v2\/pages\/17\/revisions\/109"}],"up":[{"embeddable":true,"href":"http:\/\/www.transcendentalexperience.net\/index.php\/wp-json\/wp\/v2\/pages\/14"}],"wp:attachment":[{"href":"http:\/\/www.transcendentalexperience.net\/index.php\/wp-json\/wp\/v2\/media?parent=17"}],"curies":[{"name":"wp","href":"https:\/\/api.w.org\/{rel}","templated":true}]}}