{"id":21,"date":"2020-07-31T08:52:24","date_gmt":"2020-07-31T08:52:24","guid":{"rendered":"http:\/\/www.transcendentalexperience.net\/index.php\/text\/capitulo5\/"},"modified":"2020-07-31T09:09:27","modified_gmt":"2020-07-31T09:09:27","slug":"5-laexperiencia","status":"publish","type":"page","link":"http:\/\/www.transcendentalexperience.net\/index.php\/la-experiencia-trascendental\/5-laexperiencia\/","title":{"rendered":"5. La experiencia"},"content":{"rendered":"<p><?xml version=\"1.0\" encoding=\"utf-8\"?><br \/>\n<!DOCTYPE html PUBLIC \"-\/\/W3C\/\/DTD XHTML 1.1\/\/EN\"\n  \"http:\/\/www.w3.org\/TR\/xhtml11\/DTD\/xhtml11.dtd\"><\/p>\n<p><html xmlns=\"http:\/\/www.w3.org\/1999\/xhtml\"><br \/>\n<head><br \/>\n  <title>La Experiencia Trascendental<\/title>\n  <link href=\"..\/Styles\/Style.css\" rel=\"stylesheet\" type=\"text\/css\"\/>\n<\/head><\/p>\n<p><body id=\"La-Experiencia-Trascendental\" xml:lang=\"es-ES\"><\/p>\n<div>\n<h2>5.1 Registros comunes<\/h2>\n<p class=\"Normal-parrafo-inicial\">Pese a que cada cual es diferente, en el mundo interno se dan similitudes que superan a\u00fan las condiciones m\u00e1s dis\u00edmiles. As\u00ed lo hemos constatado entre los m\u00e1s de cien part\u00edcipes de los diferentes grupos y ac\u00e1 compartimos una s\u00edntesis que refleja lo que hemos podido experimentar, lo que todos hemos vivido. No constituye una teor\u00eda, sino que nuestro testimonio de lo que reconocemos como experimentado, aunque con distintos grados de precisi\u00f3n e intensidad, por todos nosotros.<\/p>\n<p>Las dificultades se van superando al familiarizarse con la C\u00e1mara y dejar de prestarle atenci\u00f3n a la posici\u00f3n corporal o a la novedad de la situaci\u00f3n de supresi\u00f3n sensorial. Se agradece la posibilidad de avanzar y se van encontrando diversos \u201cpelda\u00f1os\u201d comunes o registros a los que hemos ido conceptualizando como si se tratara de un Recorrido.<\/p>\n<p class=\"Normal-parrafo-inicial\"><span class=\"char-style-override-20\" style=\"font-weight: bold;\">El Prop\u00f3sito<\/span><span>: Ya hemos mencionado suficientemente al Prop\u00f3sito, que requiere ser internalizado, registrado con intensidad y como una necesidad.<\/span> <span>El Prop\u00f3sito es la clave y finalmente ser\u00e1 el mismo para todos: entrar a los \u201cespacios profundos\u201d, que se registran \u201csin tiempo ni espacio\u201d. Entre uno por d\u00f3nde entre, vamos a d\u00f3nde mismo.<\/span><\/p>\n<p>Luego se van presentando las siguientes fases:<\/p>\n<p class=\"Normal-parrafo-inicial\"><span class=\"char-style-override-20\"><span style=\"font-weight: bold;\">El Relax<\/span>:<\/span> <span>ya la sensaci\u00f3n de flotar a la misma temperatura de la piel y no contar con estimulaci\u00f3n sensorial, resulta muy relajante. Igualmente, profundizar en un relax recorriendo externamente todo el cuerpo, atendiendo luego a las sensaciones internas para distenderlas y concluyendo con un relax mental, es condici\u00f3n previa del trabajo. Si no se logra avanzar m\u00e1s all\u00e1, la distensi\u00f3n profunda y calma experimentada, tienen la connotaci\u00f3n de una Experiencia de Paz muy completa.<\/span><\/p>\n<p class=\"Normal-parrafo-inicial\"><span class=\"char-style-override-20\"><span style=\"font-weight: bold;\">El Vac\u00edo<\/span>:<\/span> <span>Va desde la quietud cercana al trance, a una experiencia de \u201cnirvana\u201d en una insondable vacuidad absoluta. La \u201cnada\u201d gana terreno, se va ampliando, profundizando, se intensifica m\u00e1s y m\u00e1s. Los propios actos mentales se instalan en esa suerte de infinita oscuridad, abandon\u00e1ndose en ella, reposando all\u00ed, se vac\u00edan las representaciones, no hay cotejo ni memoria. Invade una especie de sopor, olvido, disoluci\u00f3n o no existencia. La \u201cnada\u201d, que no es la nada&#8230; es lo \u00fanico presente.<\/span><\/p>\n<p class=\"Normal-parrafo-inicial\"><span class=\"char-style-override-20\"><span style=\"font-weight: bold;\">El Doble<\/span>:<\/span> <span>En ese infinito vac\u00edo, poco a poco se comienza a manifestar la Fuerza. Energ\u00eda luminosa que circula ganando intensidad. La presencia de la Fuerza toma potencia y deviene en fen\u00f3menos energ\u00e9ticos-lum\u00ednicos extremadamente intensos que se experimentan como totalizadores. Pueden concentrarse o difundirse, tomando al cuerpo como sillar o desdobl\u00e1ndose parcial y hasta totalmente. Hay quienes han experimentado proyecciones importantes. En todo caso, se vigoriza la mente y el cuerpo. En caso de concluir la experiencia aqu\u00ed, se siente un profundo bienestar. Pero si se sostiene la potencia energ\u00e9tica y se la concentra en la c\u00faspide, se pasa a otro espacio lleno de significados.<\/span><\/p>\n<p class=\"Normal-parrafo-inicial\"><span class=\"char-style-override-20\"><span style=\"font-weight: bold;\">El Centro Luminoso<\/span>:<\/span> <span>se puede ser \u201csuccionado\u201d hacia \u00e9l o registrar que \u201cse ha pasado\u201d hacia un Centro donde est\u00e1 todo. All\u00ed se da una profunda experienc<\/span>ia de reconocimiento. Se lo experimenta como la m\u00e1s alta manifestaci\u00f3n de la Luz Original, del Ser Eterno.<\/p>\n<p class=\"Normal-parrafo-inicial\"><span class=\"char-style-override-20\">Conciencia Separada:<\/span> <span>se advierte, indirectamente, que ese Centro tiene sus propios ciclos de introyecci\u00f3n y proyecci\u00f3n, que atraen y expulsan. Se la reconoce como la Ciudad Escondida, que existe por su propia naturaleza. Se devela como el Centro hacia el cual se orientan todas las b\u00fasquedas m\u00edsticas, lo m\u00e1s Sagrado, la ciudad de los significados, de lo eterno. Como aquello que da amparo.<\/span><\/p>\n<p>Concluida la sesi\u00f3n, habitualmente se presentan registros de agradecimiento, bondad, amor y compasi\u00f3n, as\u00ed como un creciente sentimiento religioso que tiende a cobrar vida en lo cotidiano y a expresar esa nueva certeza de lo Trascendente.<\/p>\n<h2 id=\"sigil_toc_id_12\">5.2 El recorrido<\/h2>\n<p class=\"Normal-parrafo-inicial\">Veamos de precisar y complementar estas fases o pelda\u00f1os que ya enunciamos y dimos una primera definici\u00f3n en los p\u00e1rrafos anteriores.<\/p>\n<p>Si hemos logrado la entrada por medio de la desestabilizaci\u00f3n, esto permite ir filiando registros que son una suerte de pasos posibles de evocar que van marcando un Recorrido, especie de huellas grabadas, experiencias internas que ya est\u00e1n en memoria y pueden ser conceptualizadas de forma esencial, desprovistas de lo personal, m\u00e1s bien de modo intersubjetivo, que sirvan para trabajos futuros en C\u00e1mara y no s\u00f3lo en esa situaci\u00f3n. Es una forma de nuclear ciertas experiencias para conceptualizarlas y definir \u201cpelda\u00f1os o escalones\u201d, no es para armar ninguna teor\u00eda.<\/p>\n<p>Este Recorrido consta de 4 partes: el Vac\u00edo, la Energ\u00eda del Doble, el Centro Luminoso y la Conciencia Separada, entendiendo esta \u00faltima como una direcci\u00f3n existente en todo.<\/p>\n<p>El Vac\u00edo, es como un silencio absoluto, como el \u201cpunto cero\u201d que describe J. Lilly, vale la pena pasar por esto, quedarse all\u00ed y grabarlo bien porque es este Vac\u00edo el que permite luego llegar a la energ\u00eda con mayor potencia. En parte el Vac\u00edo se produce tambi\u00e9n a partir de la desaparici\u00f3n de las sensaciones del cuerpo. Es fundamental porque ah\u00ed empieza la \u201cfusi\u00f3n\u201d, la p\u00e9rdida de referencia entre lo interno y externo. Tambi\u00e9n pueden empezar las alucinaciones, que son indicadores de que se est\u00e1n perdiendo referencias. Ya en este nivel, la racionalidad se perdi\u00f3.<\/p>\n<p>Despu\u00e9s viene un fen\u00f3meno energ\u00e9tico que a veces es m\u00e1s localizado o m\u00e1s difundido, pero en general, se encuentra en el cuerpo. Es una energetizaci\u00f3n, electrificaci\u00f3n, surgen fen\u00f3menos luminosos, destellos, luces y van aumentando, como suertes de oleadas, con su ritmo y van creciendo, en densidades mayores, y uno se mantiene en eso, s\u00f3lo en esto, y lo va siguiendo.<\/p>\n<p>Entonces puedes encontrar la fuente de donde viene esta energ\u00eda, que a veces es tan potente que produce resistencias.<\/p>\n<p>Pero si estamos ya fundidos y no hay ni interno ni externo, aparece el Centro, y este centro no es s\u00f3lo luz o energ\u00eda, es mucho m\u00e1s. Es la fuente de vida, la fuente de todo, de all\u00ed viene todo y ah\u00ed se producen experiencias de reconocimiento, experiencias no\u00e9ticas puras. Profundizando, la experiencia se traduce como comprensiones, ascenso de comprensi\u00f3n en comprensi\u00f3n, pero fundamentalmente se experimenta como el origen y fin de todo, es un estado de reconocimiento puro.<\/p>\n<p>Se entra en otro estadio que es pura intencionalidad, significados, es el Universo mismo que vive.<\/p>\n<p>Es un registro de algo consciente y separado de nosotros, otro fen\u00f3meno, un \u201cente\u201d, algo que existe y es universal, particular y universal al mismo tiempo, es como un punto donde <span>todo<\/span> <span>existe, todo, no hay m\u00e1s que esto, y este punto a su vez es tan concentrado y tan universal al mismo tiempo, es muy ambiguo e inasible. Se manifiesta como el Sentido de todo o el Plan.<\/span><\/p>\n<p>Bien, este Recorrido permite grabar los pasos para acceder a esta experiencia. Se pueden tener distintas intuiciones, traducciones, formas de interpretar, pero en definitiva es como el Tao, todo est\u00e1 ah\u00ed, es una experiencia totalizadora.<\/p>\n<p>Descubrir el Recorrido fue muy importante, quiz\u00e1s de lo m\u00e1s importante de nuestra experimentaci\u00f3n, por su car\u00e1cter intersubjetivo. Surgi\u00f3 tratando de agrupar y nuclear las varias experiencias que estaban d\u00e1ndose en las distintas sesiones de trabajo, y con el tiempo se fue confirmando, precisando e incorporando hasta que advertimos que en el camino hacia el real despertar se va procesando de esta manera.<\/p>\n<p>Hay una estrecha relaci\u00f3n entre el Recorrido y lo descrito por Silo en La Mirada Interna, escrito que es de inter\u00e9s tener a mano durante los retiros con CSS.<\/p>\n<h2 id=\"sigil_toc_id_13\">5.3 La consolidaci\u00f3n del Doble<\/h2>\n<p class=\"Normal-parrafo-inicial\"><span>A partir de la filiaci\u00f3n del Recorrido se puede investigar el desarrollo del Doble. Ya es un gran avance poder conceptualizar la experiencia energ\u00e9tica y comenzar a estructurarla como se se\u00f1ala en La Mirada Interna, es decir, como Doble. Pero se puede avanzar m\u00e1s, viendo lo que pasa con el Doble cuando se produce el impacto con esta energ\u00eda consciente, y se va entrando en otro tipo de cosas que tienen relaci\u00f3n con lo que dice en La Mirada Interna respecto de que \u201c<\/span><span class=\"char-style-override-13\">a partir del contacto con el Centro Luminoso es posible la consolidaci\u00f3n del Doble<\/span><span>\u201d.<\/span><\/p>\n<p>Aprendiendo a \u201cllegar\u201d al Centro Luminoso, empieza lo que podr\u00edamos llamar el desarrollo del Esp\u00edritu, o consolidaci\u00f3n del Doble.<\/p>\n<p>Luego volvemos al mundo, volvemos porque este esp\u00edritu que se est\u00e1 construyendo no es algo s\u00f3lo para el m\u00e1s all\u00e1, es tambi\u00e9n algo para el m\u00e1s ac\u00e1, pero sobre todo es algo para hoy. Esta es la pretensi\u00f3n de la m\u00edstica. Las religiones tienden m\u00e1s a prometer para\u00edsos y consuelo a partir de una esperanza de salvaci\u00f3n futura, en cambio, la m\u00edstica busca la Experiencia Trascendental en esta vida y adecua por tanto el estilo de vida personal a las consecuencias de esa experiencia.<\/p>\n<p>Tenemos una Ascesis que se configura para algo ahora, no es \u00fanicamente un prepararse, no es s\u00f3lo para cuando uno se muera, no s\u00f3lo.<\/p>\n<p>El crecimiento del Esp\u00edritu es algo que se construye con registros claros, no se trata de un aforismo, son registros precisos que aparecen en un orden preciso de experiencias. Es la consecuencia del contacto con el Centro Luminoso, esta Luz que alimenta al Doble, que se desarrolla y va adquiriendo otro espesor, otra densidad que se registra como un \u00e1urea perif\u00e9rica y\/o externa, pero sobre todo va tomando una suerte de conciencia. Se va despertando y desarrollando.<\/p>\n<p>El Doble en su naturaleza depende del cuerpo. Tiene su espesor y densidad energ\u00e9tica que en el proceso de contacto con el Centro Luminoso va cambiando. El Gu\u00eda Interno es una manifestaci\u00f3n del mismo fen\u00f3meno, es el Doble alegorizado y como imagen lleva en s\u00ed algo que va tomando conciencia y autonom\u00eda. Parece que existiera una memoria propia del Doble. En los fen\u00f3menos de desdoblamiento hay un A y un B, cuerpo y Doble. El Doble, cuando es encontrado por la mirada, cuando se hace consciente, cambia su naturaleza. Estos son todos temas que se van encontrando en base a hip\u00f3tesis y respuestas en las experiencias conjuntas que llevamos adelante en nuestras experimentaciones.<\/p>\n<p>En el desarrollo del Doble se da una circulaci\u00f3n distinta de la energ\u00eda, se hace m\u00e1s externa y perif\u00e9rica respecto del cuerpo, se registra como un aura que rodea al cuerpo, cuyo centro se manifiesta en el coraz\u00f3n donde se registra en conexi\u00f3n directa con el Centro Luminoso, produciendo adem\u00e1s una resonancia con la c\u00faspide.<\/p>\n<p>Hay mucho que se puede investigar, pero estos desarrollos no son posibles sin un claro y consciente contacto que vaya desarrollando la experiencia del Centro Luminoso y cotejando con los dem\u00e1s al trabajar en grupo.<\/p>\n<h2 class=\"Heading-2 para-style-override-20\" id=\"sigil_toc_id_14\">5.4 Casos particulares<\/h2>\n<h3 class=\"sigil_not_in_toc\">5.4.1 Alucinaciones<\/h3>\n<p class=\"Normal-parrafo-inicial\">Fuera de c\u00e1mara y no \u00fanicamente dentro de la sesi\u00f3n, tambi\u00e9n se pueden padecer diferentes manifestaciones de alucinaciones, seguramente compensatorias de la supresi\u00f3n sensorial producidas por el aparato de percepci\u00f3n (ver <span class=\"char-style-override-13\">Error de los sentidos<\/span>, <span class=\"char-style-override-13\">representaci\u00f3n<\/span>, <span class=\"char-style-override-13\">alucinaci\u00f3n<\/span> en <span class=\"char-style-override-13\">Apuntes de psicolog\u00eda<\/span> de Silo). De hecho, un sujeto da testimonio de tres diferentes tipos de ellas que se manifestaron posteriormente. La primera de tipo auditivo, la segunda olfativa y la \u00faltima de estructura t\u00e1ctil y auditiva, en todos los casos con irrupci\u00f3n de supuestos \u201cest\u00edmulos\u201d que puede corroborarse que no existieron.<\/p>\n<p class=\"Normal para-style-override-22\">Tomamos nota de las alucinaciones y las vamos detectando, sin convertirlas en el centro de nuestra atenci\u00f3n.<\/p>\n<h3 class=\"sigil_not_in_toc\">5.4.2 Preguntas<\/h3>\n<p class=\"Normal-parrafo-inicial\">Al des-estructurarse la conciencia y en el esfuerzo por asimilar las nuevas experiencias vividas, las creencias habituales muchas veces no logran sostener el quehacer de la propia conducta y surgen preguntas existenciales que, aparentemente, estaban resueltas: \u00bfQui\u00e9n soy realmente? \u00bfQu\u00e9 hacer con todo esto? Surge la necesidad de hacerse cargo y dar nuevos significados a la propia existencia, compartir con otros pero sobretodo plasmar la fuerza de la intenci\u00f3n evolutiva trascendente con la que se ha entrado en contacto. A veces surgen suertes de imperativos m\u00edsticos o la disposici\u00f3n a colaborar en la transformaci\u00f3n de los paradigmas epocales. Se advierte la necesidad de alinear en una misma direcci\u00f3n al destino personal y la transformaci\u00f3n social, comprendiendo que el plano de lo mundano no est\u00e1 separado \u2013sino por el contrario\u2013 es parte de una misma estructura que aquel espiritual. As\u00ed mismo se registra a menudo la necesidad de que los propios proyectos cambien de escala y superen los l\u00edmites de la muerte f\u00edsica. Ese \u201cm\u00e1s all\u00e1\u201d se presenta una y otra vez, como preguntas, reminiscencias, ef\u00edmeros recuerdos o en sue\u00f1os.<\/p>\n<h3 class=\"sigil_not_in_toc\">5.4.3 Algunas dificultades<\/h3>\n<ul>\n<li class=\"Normal para-style-override-13\">Hay dificultades que se han dado por falta de preparaci\u00f3n. Tal es el caso de quienes se organizaron en conjunto para estudiar los materiales, en reuniones a las que asistieron algunos miembros con regularidad pero otros no y cost\u00f3 esfuerzo configurar grupos definitivos, sin que se hubiese logrado una m\u00ednima cohesi\u00f3n entre los participantes. A lo largo de los retiros no se pudo producir la atm\u00f3sfera necesaria a la compenetraci\u00f3n, cercan\u00eda, soltura y el inter\u00e9s especial que mantiene el grupo en una misma sinton\u00eda y en tema.<\/li>\n<li class=\"Normal para-style-override-13\">Tambi\u00e9n ha sucedido que al no haber ingresado a una CSS previamente, unas pocas personas han registrado problemas al trabajar flotando de espaldas y con la c\u00e1mara cerrada y si bien han de alguna manera sorteado la dificultad, conviene insistir en esta recomendaci\u00f3n<span>.<\/span><\/li>\n<li class=\"Normal para-style-override-13\"><span>Las visitas de personas ajenas al trabajo a cualquiera de los retiros, aunque se trate de conocidos, gente querida y se queden por corto tiempo, rompen la din\u00e1mica del equipo.<\/span><\/li>\n<li class=\"Normal para-style-override-13\"><span>O\u00eddos: Quien por despiste realice la sesi\u00f3n sin tapones en los o\u00eddos, corre el riesgo de que entre el agua y en breve registre molestias. Es necesario ponerse de inmediato gotas para paliar una posible inflamaci\u00f3n y, si no mejora, ir al Centro de Salud m\u00e1s cercano para diagn\u00f3stico de un especialista. Hay quienes han padecido de fuertes inflamaciones en ambos o\u00eddos, que pueden derivar en infecciones, por lo que resulta indispensable suspender las inmersiones. Tambi\u00e9n se dio un caso en que se desubicaron los otolitos, produci\u00e9ndose fuertes mareos. Hubo que seguir el tratamiento m\u00e9dico y guardar reposo postural durante 15 d\u00edas. Los o\u00eddos resultan ser el punto m\u00e1s d\u00e9bil y que necesita una atenci\u00f3n particular, recomend\u00e1ndose siempre reiterar las indicaciones para el uso de los tapones, el secado posterior y las gotas preventivas.<\/span><\/li>\n<\/ul>\n<h2 id=\"sigil_toc_id_15\">5.5 Comprensiones<\/h2>\n<h3 class=\"sigil_not_in_toc\">5.5.1 La auto-censura<\/h3>\n<p class=\"Normal-parrafo-inicial\">Para avanzar, es necesario prescindir de la propia auto-censura que impide asumir realidades internas evidentes, con las que adem\u00e1s se va encontrando todo el que busca y medita con humildad.<\/p>\n<p>El bloqueo de posibilidades de experiencias fundamentales que se da con el mecanismo de la auto-censura o incluso de la hipnosis negativa, va descartando las anomal\u00edas sin atenderlas o compens\u00e1ndolas con contra-anomal\u00edas del mismo tipo y no hace otra cosa que mantener al psiquismo en la misma zona <span>que le resulta confortable y conocida, de ilusorios paisajes que no ponen en cuesti\u00f3n aquello que se da por cierto.<\/span><\/p>\n<p>Luego de experiencias confirmativas, de la reiteraci\u00f3n de los mismos registros m\u00e1s que evidentes, no queda m\u00e1s que descartar esa resistencia impuesta por la racionalidad, que opera simplemente como un gran impedimento al despliegue de las nuevas realidades internas.<\/p>\n<h3 class=\"sigil_not_in_toc\">5.5.2 Los niveles de conciencia<\/h3>\n<p class=\"Normal-parrafo-inicial\"><span>En el Recorrido se transita desde una vigilia inicial, pasando por el trance del Vac\u00edo, al semi-sue\u00f1o pasivo en el que se percibe la energ\u00eda del Doble; la Fuerza eleva el nivel de conciencia y si se concentra en la c\u00faspide se instala un estado de plena conciencia de s\u00ed, para ir desde all\u00ed al Centro Luminoso y experimentar un nivel muy l\u00facido en el que priman las comprensiones, reconocimientos y revelaciones. Luego de ello y al ir terminando la experiencia, se desciende a un nivel cercano al sue\u00f1o, caracterizado por el agotamiento f\u00edsico y el silencio de im\u00e1genes.<\/span><\/p>\n<h3 class=\"sigil_not_in_toc\">5.5.3 Los Sue\u00f1os<\/h3>\n<p class=\"Normal-parrafo-inicial\"><span>A las sesiones de trabajo les acompa\u00f1an sue\u00f1os que buscan integrar la situaci\u00f3n de privaci\u00f3n sensorial que resulta desestabilizante para la conciencia, as\u00ed como los registros que van apareciendo repetidamente. La anotaci\u00f3n de las secuencias on\u00edricas, el relato a los dem\u00e1s part\u00edcipes a la ma\u00f1ana, la atenci\u00f3n a los contenidos y sus climas, va sirviendo de testigos de este proceso extraordinario en el que se abren nuevos espacios con mucha significaci\u00f3n y belleza pl\u00e1stica.<\/span><\/p>\n<h3 class=\"sigil_not_in_toc\">5.5.4 Asumir el tema del Doble<\/h3>\n<p class=\"Normal-parrafo-inicial\">Aunque Silo en La Mirada Interna lo se\u00f1ale con tanta claridad, no resulta f\u00e1cil asumir, por ejemplo, que uno tiene un Doble, <span>que los dem\u00e1s tambi\u00e9n, que todo lo vivo est\u00e1 organizado en base a un campo energ\u00e9tico y que esa energ\u00eda tiene conexi\u00f3n con el Centro Luminoso. Si solamente uno pudiera incorporar plenamente esta experiencia, cambiar\u00eda sin duda el modo en que trata a los dem\u00e1s, por la conciencia plena que tendr\u00eda de la interacci\u00f3n energ\u00e9tica que se da, as\u00ed como de la conexi\u00f3n que tiene todo lo existente con el Centro Luminoso.<\/span><\/p>\n<p>Esta experiencia energ\u00e9tica de interacci\u00f3n entre todos, ser\u00eda suficiente para producir el registro de repulsi\u00f3n ante cualquier forma de violencia. Bastar\u00eda con incorporar la experiencia que nos entrega el registro luminoso del Doble para que fu\u00e9ramos incapaces de ejercer ninguna forma de violencia o de discriminaci\u00f3n sobre otro ser vivo.<\/p>\n<h3 class=\"sigil_not_in_toc\">5.5.5 La Trascendencia<\/h3>\n<p class=\"Normal-parrafo-inicial\">Con las experiencias realizadas en CSS resulta evidente la orientaci\u00f3n hacia el Centro Luminoso posterior a la muerte y ello es capaz de dar un nuevo Sentido a la existencia, no solamente a la propia vida, sino a la de todos y cada uno. Nos pone frente a la evidencia de que la vida no termina con la muerte. Eso nos coloca en situaci\u00f3n de ayudar a otros, a muchos otros y de colaborar para que la humanidad siga avanzando en sentido evolutivo y direcci\u00f3n trascendente.<\/p>\n<p>Gracias a estas experiencias comprendemos que vamos formando memoria trascendente, tal como acot\u00f3 Silo en alg\u00fan momento: <span class=\"char-style-override-13\">\u00a1Quien muere antes de morir, no morir\u00e1 jam\u00e1s!<\/span><\/p>\n<p>El Vac\u00edo es lo primero que encontramos en nuestro proceso posterior a esta forma de existencia, es \u201cla otra orilla\u201d, la inmaterialidad propia de la desestructuraci\u00f3n del cuerpo y del Yo. La muerte no existe, llegamos a un estado inmaterial y trascendente cuando las funciones del cuerpo y del Yo han cesado. All\u00ed no hay ni dolor ni sufrimiento, hay s\u00f3lo existencia energ\u00e9tica y la posibilidad de evoluci\u00f3n espiritual.<\/p>\n<h3 class=\"sigil_not_in_toc\">5.5..6 El Centro Luminoso<\/h3>\n<p class=\"Normal-parrafo-inicial\">Indirectamente se puede advertir que el Centro Luminoso tiene una doble direcci\u00f3n, simult\u00e1neamente introyectiva y proyectiva. Es una suerte de paradoja: el Centro Luminoso expulsa desde su interior centrifugamente y s\u00f3lo se puede permanecer all\u00ed por acci\u00f3n del Prop\u00f3sito que opera desde la copresencia. Su fuerza creadora es enorme, genera pertenencia y amparo en la Bondad y el Amor, que dan origen a todo lo existente. En la Ciudad Escondida&#160;se encuentran las intenciones creativas desde donde se despliegan las m\u00faltiples formas de lo viviente. Comprender eso y sentirse parte de lo luminoso, nos hace ponernos en disponibilidad, intentar estar en resonancia y al servicio de la Luz.<\/p>\n<p>Algunos de los atributos del Centro Luminoso que se pueden aprehender son:<\/p>\n<p><span style=\"text-align: justify;\">1. Lo atemporal: constatamos que en la suspensi\u00f3n de los actos de conciencia deja de establecerse la relaci\u00f3n acto-objeto y por ende deja de registrarse la temporalidad as\u00ed como la espacialidad. Es esa suspensi\u00f3n de la relaci\u00f3n acto-objeto la que tambi\u00e9n explica la carencia de lenguaje.<\/span><br \/>\n    <span style=\"text-align: justify;\">2. La Luz: traducci\u00f3n visual de la enorme energ\u00eda movilizada en el m\u00e1s alto nivel del espacio de representaci\u00f3n.<\/span><br \/>\n    <span style=\"text-align: justify;\">3. Los ciclos de la creaci\u00f3n en una suerte de Plan, de ritmo que hace la vida, de pulsaciones introyectivas y proyectivas: una muy sutil y leve cenestesia que indica esos pulsos y ritmos de la vida.<\/span><br \/>\n    <span style=\"text-align: justify;\">4. La energ\u00eda: presente y fuertemente movilizada.<\/span><br \/>\n    <span style=\"text-align: justify;\">5. Todo lo existente. Es una experiencia abarcante y totalizadora. Es contundente en su inmensidad. Lo Inmortal y trascendente a todo lo viviente.<\/span>\n  <\/div>\n<p><\/body><br \/>\n<\/html><\/p>\n","protected":false},"excerpt":{"rendered":"<p>La Experiencia Trascendental 5.1 Registros comunes Pese a que cada cual es diferente, en el mundo interno se dan similitudes que superan a\u00fan las condiciones m\u00e1s dis\u00edmiles. As\u00ed lo hemos constatado entre los m\u00e1s de cien part\u00edcipes de los diferentes grupos y ac\u00e1 compartimos una s\u00edntesis que refleja lo que hemos podido experimentar, lo que &hellip; <a href=\"http:\/\/www.transcendentalexperience.net\/index.php\/la-experiencia-trascendental\/5-laexperiencia\/\" class=\"more-link\">Continue reading<span class=\"screen-reader-text\"> &#8220;5. La experiencia&#8221;<\/span><\/a><\/p>\n","protected":false},"author":1,"featured_media":0,"parent":6,"menu_order":17,"comment_status":"closed","ping_status":"closed","template":"","meta":{"footnotes":""},"class_list":["post-21","page","type-page","status-publish","hentry"],"_links":{"self":[{"href":"http:\/\/www.transcendentalexperience.net\/index.php\/wp-json\/wp\/v2\/pages\/21","targetHints":{"allow":["GET"]}}],"collection":[{"href":"http:\/\/www.transcendentalexperience.net\/index.php\/wp-json\/wp\/v2\/pages"}],"about":[{"href":"http:\/\/www.transcendentalexperience.net\/index.php\/wp-json\/wp\/v2\/types\/page"}],"author":[{"embeddable":true,"href":"http:\/\/www.transcendentalexperience.net\/index.php\/wp-json\/wp\/v2\/users\/1"}],"replies":[{"embeddable":true,"href":"http:\/\/www.transcendentalexperience.net\/index.php\/wp-json\/wp\/v2\/comments?post=21"}],"version-history":[{"count":3,"href":"http:\/\/www.transcendentalexperience.net\/index.php\/wp-json\/wp\/v2\/pages\/21\/revisions"}],"predecessor-version":[{"id":92,"href":"http:\/\/www.transcendentalexperience.net\/index.php\/wp-json\/wp\/v2\/pages\/21\/revisions\/92"}],"up":[{"embeddable":true,"href":"http:\/\/www.transcendentalexperience.net\/index.php\/wp-json\/wp\/v2\/pages\/6"}],"wp:attachment":[{"href":"http:\/\/www.transcendentalexperience.net\/index.php\/wp-json\/wp\/v2\/media?parent=21"}],"curies":[{"name":"wp","href":"https:\/\/api.w.org\/{rel}","templated":true}]}}