{"id":23,"date":"2020-07-31T08:52:25","date_gmt":"2020-07-31T08:52:25","guid":{"rendered":"http:\/\/www.transcendentalexperience.net\/index.php\/text\/colofon\/"},"modified":"2020-07-31T09:17:21","modified_gmt":"2020-07-31T09:17:21","slug":"colofon","status":"publish","type":"page","link":"http:\/\/www.transcendentalexperience.net\/index.php\/la-experiencia-trascendental\/colofon\/","title":{"rendered":"Colof\u00f3n"},"content":{"rendered":"<p><?xml version=\"1.0\" encoding=\"utf-8\"?><br \/>\n<!DOCTYPE html PUBLIC \"-\/\/W3C\/\/DTD XHTML 1.1\/\/EN\"\n  \"http:\/\/www.w3.org\/TR\/xhtml11\/DTD\/xhtml11.dtd\"><\/p>\n<p><html xmlns=\"http:\/\/www.w3.org\/1999\/xhtml\"><br \/>\n<head><br \/>\n  <title><\/title>\n  <link href=\"..\/Styles\/Style.css\" rel=\"stylesheet\" type=\"text\/css\"\/>\n<\/head><\/p>\n<p><body><\/p>\n<p><span style=\"font-weight: bold;\">LA EXPERIENCIA TRASCENDENTAL<\/span><\/p>\n<p><span style=\"font-weight: bold;\">Metodolog\u00eda para una Ascesis con apoyo de C\u00e1mara de Supresi\u00f3n Sensorial<\/span><\/p>\n<p>\u00a9 Virtual Ediciones<\/p>\n<p>Registro de Propiedad Intelectual: 2020-A-2544<\/p>\n<p>Autorizada su reproducci\u00f3n parcial citando la fuente.<\/p>\n<p>I.S.B.N.&#160;978-956-7483-71-6<\/p>\n<p>Dise\u00f1o y Producci\u00f3n gr\u00e1fica: Virtual ediciones<\/p>\n<p>Dise\u00f1o portada: Francisco Ruiz-Tagle C.<\/p>\n<p>Ilustraciones CSS: Flavio Onetto<\/p>\n<p><span style=\"text-indent: 1.5em;\">Edici\u00f3n digital: Marzo, 2020<\/span><\/p>\n<p>Santiago de Chile.&#160;<\/p>\n<p><\/body><br \/>\n<\/html><\/p>\n","protected":false},"excerpt":{"rendered":"<p>LA EXPERIENCIA TRASCENDENTAL Metodolog\u00eda para una Ascesis con apoyo de C\u00e1mara de Supresi\u00f3n Sensorial \u00a9 Virtual Ediciones Registro de Propiedad Intelectual: 2020-A-2544 Autorizada su reproducci\u00f3n parcial citando la fuente. I.S.B.N.&#160;978-956-7483-71-6 Dise\u00f1o y Producci\u00f3n gr\u00e1fica: Virtual ediciones Dise\u00f1o portada: Francisco Ruiz-Tagle C. Ilustraciones CSS: Flavio Onetto Edici\u00f3n digital: Marzo, 2020 Santiago de Chile.&#160;<\/p>\n","protected":false},"author":1,"featured_media":0,"parent":6,"menu_order":28,"comment_status":"closed","ping_status":"closed","template":"","meta":{"footnotes":""},"class_list":["post-23","page","type-page","status-publish","hentry"],"_links":{"self":[{"href":"http:\/\/www.transcendentalexperience.net\/index.php\/wp-json\/wp\/v2\/pages\/23","targetHints":{"allow":["GET"]}}],"collection":[{"href":"http:\/\/www.transcendentalexperience.net\/index.php\/wp-json\/wp\/v2\/pages"}],"about":[{"href":"http:\/\/www.transcendentalexperience.net\/index.php\/wp-json\/wp\/v2\/types\/page"}],"author":[{"embeddable":true,"href":"http:\/\/www.transcendentalexperience.net\/index.php\/wp-json\/wp\/v2\/users\/1"}],"replies":[{"embeddable":true,"href":"http:\/\/www.transcendentalexperience.net\/index.php\/wp-json\/wp\/v2\/comments?post=23"}],"version-history":[{"count":2,"href":"http:\/\/www.transcendentalexperience.net\/index.php\/wp-json\/wp\/v2\/pages\/23\/revisions"}],"predecessor-version":[{"id":100,"href":"http:\/\/www.transcendentalexperience.net\/index.php\/wp-json\/wp\/v2\/pages\/23\/revisions\/100"}],"up":[{"embeddable":true,"href":"http:\/\/www.transcendentalexperience.net\/index.php\/wp-json\/wp\/v2\/pages\/6"}],"wp:attachment":[{"href":"http:\/\/www.transcendentalexperience.net\/index.php\/wp-json\/wp\/v2\/media?parent=23"}],"curies":[{"name":"wp","href":"https:\/\/api.w.org\/{rel}","templated":true}]}}