{"id":28,"date":"2020-07-31T08:52:25","date_gmt":"2020-07-31T08:52:25","guid":{"rendered":"http:\/\/www.transcendentalexperience.net\/index.php\/text\/sinopsis\/"},"modified":"2020-07-31T09:16:08","modified_gmt":"2020-07-31T09:16:08","slug":"sinopsis","status":"publish","type":"page","link":"http:\/\/www.transcendentalexperience.net\/index.php\/la-experiencia-trascendental\/sinopsis\/","title":{"rendered":"Sinopsis"},"content":{"rendered":"<p><?xml version=\"1.0\" encoding=\"utf-8\"?><br \/>\n<!DOCTYPE html PUBLIC \"-\/\/W3C\/\/DTD XHTML 1.1\/\/EN\"\n  \"http:\/\/www.w3.org\/TR\/xhtml11\/DTD\/xhtml11.dtd\"><\/p>\n<p><html xmlns=\"http:\/\/www.w3.org\/1999\/xhtml\"><br \/>\n<head><br \/>\n  <title><\/title>\n  <link href=\"..\/Styles\/Style.css\" rel=\"stylesheet\" type=\"text\/css\"\/>\n<\/head><\/p>\n<p><body><\/p>\n<p class=\"Normal-parrafo-inicial\">La Experiencia Trascendental \u2013aquella que evidencie la continuidad del \u201cesp\u00edritu\u201d m\u00e1s all\u00e1 de la muerte f\u00edsica del cuerpo\u2013 ha sido el objetivo en torno al cual, ya en \u00e9pocas hist\u00f3ricas, se organizaron variadas escuelas m\u00edsticas. La Ascesis, por su parte, es el particular camino que cada una de ellas desarroll\u00f3 como propuesta para lograr alcanzar esa experiencia.<\/p>\n<p class=\"Normal-parrafo-inicial\"><\/p>\n<p class=\"Normal-parrafo-inicial\">Silo (1938-2010) \u2013quien &#160;se refer\u00eda a s\u00ed mismo como un escritor y practicante de lo que llamaba una \u201creligiosidad interna\u201d\u2013 impulsa una propuesta de cambio espiritual y social simult\u00e1neo para avanzar &#160;hacia la formaci\u00f3n de la Naci\u00f3n Humana Universal. En el campo de la espiritualidad afirma que \u201cno hay sentido en la vida si todo termina con la muerte\u201d, dedicando su escrito de <span style=\"font-style: italic;\">La Mirada Interna<\/span> (1989) a este tema y, &#160;por otra parte, en sus <span style=\"font-style: italic;\">Apuntes de Psicolog\u00eda<\/span> (2006) explica la posibilidad de suspensi\u00f3n y supresi\u00f3n del propio Yo para tomar contacto con otro estado o nivel de conciencia que designa como de \u201cLo Profundo\u201d. Propone entonces una primera etapa de \u201cnivelaci\u00f3n\u201d, previa a la realizaci\u00f3n de una de cuatro \u201cDisciplinas\u201d que \u00e9l desarrollara (mental, energ\u00e9tica, material y morfol\u00f3gica), como pasos previos a una Ascesis que define como: <span style=\"font-style: italic;\">\u201c&#8230;un camino de toda la vida, que va tendiendo a la superaci\u00f3n del Yo para entrar a los espacios profundos de lo sagrado\u201d<\/span>.<\/p>\n<p class=\"Normal-parrafo-inicial\"><\/p>\n<p class=\"Normal-parrafo-inicial\">Los autores de este libro, recopilan y ordenan las conclusiones de m\u00e1s de un ciento de hombres y mujeres de distintos pa\u00edses que son parte de los varios miles que han seguido las ense\u00f1anzas de Silo en este campo y la metodolog\u00eda que aqu\u00ed proponen utiliza las ventajas de relajaci\u00f3n y concentraci\u00f3n que tiene una C\u00e1mara de Supresi\u00f3n Sensorial, como tambi\u00e9n las posibilidades que aporta el trabajo conjunto, para favorecer y acelerar el trabajo de Ascesis.<\/p>\n<p><\/body><br \/>\n<\/html><\/p>\n","protected":false},"excerpt":{"rendered":"<p>La Experiencia Trascendental \u2013aquella que evidencie la continuidad del \u201cesp\u00edritu\u201d m\u00e1s all\u00e1 de la muerte f\u00edsica del cuerpo\u2013 ha sido el objetivo en torno al cual, ya en \u00e9pocas hist\u00f3ricas, se organizaron variadas escuelas m\u00edsticas. La Ascesis, por su parte, es el particular camino que cada una de ellas desarroll\u00f3 como propuesta para lograr alcanzar &hellip; <a href=\"http:\/\/www.transcendentalexperience.net\/index.php\/la-experiencia-trascendental\/sinopsis\/\" class=\"more-link\">Continue reading<span class=\"screen-reader-text\"> &#8220;Sinopsis&#8221;<\/span><\/a><\/p>\n","protected":false},"author":1,"featured_media":0,"parent":6,"menu_order":26,"comment_status":"closed","ping_status":"closed","template":"","meta":{"footnotes":""},"class_list":["post-28","page","type-page","status-publish","hentry"],"_links":{"self":[{"href":"http:\/\/www.transcendentalexperience.net\/index.php\/wp-json\/wp\/v2\/pages\/28","targetHints":{"allow":["GET"]}}],"collection":[{"href":"http:\/\/www.transcendentalexperience.net\/index.php\/wp-json\/wp\/v2\/pages"}],"about":[{"href":"http:\/\/www.transcendentalexperience.net\/index.php\/wp-json\/wp\/v2\/types\/page"}],"author":[{"embeddable":true,"href":"http:\/\/www.transcendentalexperience.net\/index.php\/wp-json\/wp\/v2\/users\/1"}],"replies":[{"embeddable":true,"href":"http:\/\/www.transcendentalexperience.net\/index.php\/wp-json\/wp\/v2\/comments?post=28"}],"version-history":[{"count":1,"href":"http:\/\/www.transcendentalexperience.net\/index.php\/wp-json\/wp\/v2\/pages\/28\/revisions"}],"predecessor-version":[{"id":81,"href":"http:\/\/www.transcendentalexperience.net\/index.php\/wp-json\/wp\/v2\/pages\/28\/revisions\/81"}],"up":[{"embeddable":true,"href":"http:\/\/www.transcendentalexperience.net\/index.php\/wp-json\/wp\/v2\/pages\/6"}],"wp:attachment":[{"href":"http:\/\/www.transcendentalexperience.net\/index.php\/wp-json\/wp\/v2\/media?parent=28"}],"curies":[{"name":"wp","href":"https:\/\/api.w.org\/{rel}","templated":true}]}}