{"id":30,"date":"2020-07-31T08:52:25","date_gmt":"2020-07-31T08:52:25","guid":{"rendered":"http:\/\/www.transcendentalexperience.net\/index.php\/text\/titulo\/"},"modified":"2020-07-31T09:08:02","modified_gmt":"2020-07-31T09:08:02","slug":"titulo","status":"publish","type":"page","link":"http:\/\/www.transcendentalexperience.net\/index.php\/la-experiencia-trascendental\/titulo\/","title":{"rendered":"Titulo"},"content":{"rendered":"<p><?xml version=\"1.0\" encoding=\"utf-8\"?><br \/>\n<!DOCTYPE html PUBLIC \"-\/\/W3C\/\/DTD XHTML 1.1\/\/EN\"\n  \"http:\/\/www.w3.org\/TR\/xhtml11\/DTD\/xhtml11.dtd\"><\/p>\n<p><html xmlns=\"http:\/\/www.w3.org\/1999\/xhtml\"><br \/>\n<head><br \/>\n  <title>La Experiencia Trascendental<\/title>\n  <link href=\"..\/Styles\/Style.css\" rel=\"stylesheet\" type=\"text\/css\"\/>\n<\/head><\/p>\n<p><body id=\"La-Experiencia-Trascendental\" xml:lang=\"es-ES\"><\/p>\n<div class=\"Basic-Graphics-Frame\">\n<h1 class=\"texto para-style-override-1\" style=\"text-align: center;\" title=\"T\u00ectulo\"><span style=\"text-indent: 1.5em;\">LA EXPERIENCIA TRASCENDENTAL<\/span><br \/><\/h1>\n<\/p><\/div>\n<div>\n<p class=\"Normal para-style-override-5\"><\/p>\n<p class=\"Normal para-style-override-5\">\n<div style=\"text-align: center;\">\n      <span style=\"text-indent: 1.5em;\">Metodolog\u00eda para una Ascesis<\/span>\n    <\/div>\n<div style=\"text-align: center;\">\n      <span style=\"text-indent: 1.5em;\">con apoyo de C\u00e1mara de Supresi\u00f3n Sensorial<\/span>\n    <\/div>\n<div style=\"text-align: center;\">\n      <span style=\"text-indent: 1.5em;\"><br \/><\/span>\n    <\/div>\n<div style=\"text-align: center;\">\n      <span style=\"text-indent: 1.5em;\"><br \/><\/span>\n    <\/div>\n<div style=\"text-align: center;\">\n      <span style=\"text-indent: 1.5em;\"><br \/><\/span>\n    <\/div>\n<div style=\"text-align: center;\">\n      <span style=\"text-indent: 1.5em;\"><br \/><\/span>\n    <\/div>\n<div style=\"text-align: center;\">\n      <span style=\"text-indent: 1.5em;\"><br \/><\/span>\n    <\/div>\n<p class=\"Normal para-style-override-6\" style=\"text-align: center;\"><span class=\"char-style-override-7\" style=\"font-weight: bold;\">Varios autores<\/span><\/p>\n<p class=\"Normal para-style-override-6\" style=\"text-align: center;\"><span class=\"char-style-override-7\"><br \/><\/span><\/p>\n<p class=\"Normal para-style-override-6\" style=\"text-align: center;\"><span class=\"char-style-override-7\"><br \/><\/span><\/p>\n<p class=\"Normal para-style-override-6\" style=\"text-align: center;\"><span class=\"char-style-override-7\"><br \/><\/span><\/p>\n<p class=\"Normal para-style-override-6\" style=\"text-align: center;\"><span class=\"char-style-override-7\"><br \/><\/span><\/p>\n<p class=\"Normal para-style-override-6\" style=\"text-align: center;\"><span class=\"char-style-override-7\"><br \/><\/span><\/p>\n<p class=\"Normal para-style-override-6\" style=\"text-align: center;\"><span class=\"char-style-override-7\"><br \/><\/span><\/p>\n<p class=\"Normal para-style-override-6\" style=\"text-align: center;\"><span class=\"char-style-override-7\"><br \/><\/span><\/p>\n<p class=\"Normal para-style-override-6\"><span class=\"char-style-override-7\"><br \/><\/span><\/p>\n<p class=\"Normal para-style-override-6\"><span class=\"char-style-override-7\"><br \/><\/span><\/p>\n<p class=\"Normal para-style-override-2\">\n<\/p><\/div>\n<div class=\"frame-2\" style=\"text-align: center;\">\n    <img decoding=\"async\" alt=\"Logo Virtual\" src=\"\/wp-content\/uploads\/2020\/07\/LogoVirtual.png\"\/>\n  <\/div>\n<div>\n<p class=\"Normal\">\n<\/p><\/div>\n<p><\/body><br \/>\n<\/html><\/p>\n","protected":false},"excerpt":{"rendered":"<p>La Experiencia Trascendental LA EXPERIENCIA TRASCENDENTAL Metodolog\u00eda para una Ascesis con apoyo de C\u00e1mara de Supresi\u00f3n Sensorial Varios autores<\/p>\n","protected":false},"author":1,"featured_media":0,"parent":6,"menu_order":11,"comment_status":"closed","ping_status":"closed","template":"","meta":{"footnotes":""},"class_list":["post-30","page","type-page","status-publish","hentry"],"_links":{"self":[{"href":"http:\/\/www.transcendentalexperience.net\/index.php\/wp-json\/wp\/v2\/pages\/30","targetHints":{"allow":["GET"]}}],"collection":[{"href":"http:\/\/www.transcendentalexperience.net\/index.php\/wp-json\/wp\/v2\/pages"}],"about":[{"href":"http:\/\/www.transcendentalexperience.net\/index.php\/wp-json\/wp\/v2\/types\/page"}],"author":[{"embeddable":true,"href":"http:\/\/www.transcendentalexperience.net\/index.php\/wp-json\/wp\/v2\/users\/1"}],"replies":[{"embeddable":true,"href":"http:\/\/www.transcendentalexperience.net\/index.php\/wp-json\/wp\/v2\/comments?post=30"}],"version-history":[{"count":1,"href":"http:\/\/www.transcendentalexperience.net\/index.php\/wp-json\/wp\/v2\/pages\/30\/revisions"}],"predecessor-version":[{"id":60,"href":"http:\/\/www.transcendentalexperience.net\/index.php\/wp-json\/wp\/v2\/pages\/30\/revisions\/60"}],"up":[{"embeddable":true,"href":"http:\/\/www.transcendentalexperience.net\/index.php\/wp-json\/wp\/v2\/pages\/6"}],"wp:attachment":[{"href":"http:\/\/www.transcendentalexperience.net\/index.php\/wp-json\/wp\/v2\/media?parent=30"}],"curies":[{"name":"wp","href":"https:\/\/api.w.org\/{rel}","templated":true}]}}