{"id":7,"date":"2020-07-31T08:52:23","date_gmt":"2020-07-31T08:52:23","guid":{"rendered":"http:\/\/www.transcendentalexperience.net\/index.php\/text\/1-introduccion\/"},"modified":"2020-07-31T11:44:09","modified_gmt":"2020-07-31T11:44:09","slug":"1-introduccion","status":"publish","type":"page","link":"http:\/\/www.transcendentalexperience.net\/index.php\/la-experiencia-trascendental\/1-introduccion\/","title":{"rendered":"1. Introducci\u00f3n"},"content":{"rendered":"<div>\n<p class=\"Normal-parrafo-inicial\">Han sido innumerables los intentos humanos por avanzar en su proceso, superar el dolor y el sufrimiento, ayudar a otros, ampliar el horizonte temporal y elevar los niveles de conciencia. Cada cultura cuenta con sus propias formas de b\u00fasqueda de lo que podr\u00edamos llamar Lo Trascendente; v\u00edas m\u00edsticas que dejan de lado al \u201cYo\u201d<a id=\"footnote-16366-1-backlink\" class=\"footnote-link\" href=\"..\/Anexos\/Notas#footnote-16366-1\"><sup style=\"font-weight: normal;\">1<\/sup><\/a>para adentrarse en las profundidades insondables de la mente.<\/p>\n<p>Ser\u00eda muy largo describir ac\u00e1 esas pr\u00e1cticas que, desde muy antiguo, van transmiti\u00e9ndose de una generaci\u00f3n en otra como preciados procedimientos que liberan de la sensaci\u00f3n de finitud, conectando con dimensiones atemporales y experiencias conmovedoras, cargadas de Sentido<a id=\"footnote-16366-2-backlink\" class=\"footnote-link\" href=\"..\/Anexos\/Notas#footnote-16366-2\"><sup style=\"font-weight: normal;\">2<\/sup><\/a><\/p>\n<p>Desde la reclusi\u00f3n en cavernas oscuras, alejadas de los asentamientos habitados; ayunos prolongados; rituales cham\u00e1nicos; ingesti\u00f3n de sustancias alucin\u00f3genas de lo m\u00e1s variadas; danzas repetitivas y formas de respiraci\u00f3n inducidas para poder concentrarse en el coraz\u00f3n; meditaciones de todo tipo realizadas con permanencia; movilizaciones energ\u00e9ticas e imposiciones de manos; procedimientos alqu\u00edmicos; invocaciones devocionales y distintas formas de oraci\u00f3n; mantras y yantras utilizados para suspender el flujo de actos mentales; representaciones de formas geom\u00e9tricas cada vez m\u00e1s abstractas; y un largo etc\u00e9tera que nos va conduciendo hasta la \u00e9poca actual en la que la civilizaci\u00f3n planetaria y la tecnolog\u00eda ponen a disposici\u00f3n nuevos m\u00e9todos capaces de favorecer estados internos excepcionales.<\/p>\n<p>Toda esa diversidad ha sido suficientemente estudiada y sistematizada, dando origen a procedimientos depurados y a varias v\u00edas de acceso a Lo Profundo<a id=\"footnote-16366-3-backlink\" class=\"footnote-link\" href=\"..\/Anexos\/Notas#footnote-16366-3\"><sup style=\"font-weight: normal;\">3<\/sup><\/a>organizadas por Silo<a id=\"footnote-16366-4-backlink\" class=\"footnote-link\" href=\"..\/Anexos\/Notas#footnote-16366-4\"><sup style=\"font-weight: normal;\">4<\/sup><\/a>, en el seno de la Escuela<a id=\"footnote-16366-5-backlink\" class=\"footnote-link\" href=\"..\/Anexos\/Notas#footnote-16366-5\"><sup style=\"font-weight: normal;\">5<\/sup><\/a>que pusiera en marcha desde la \u00faltima mitad del Siglo XX a la primera d\u00e9cada del actual. Son muchas las personas que se han beneficiado con sus trabajos y que, al d\u00eda de hoy, siguen llevando a la pr\u00e1ctica sus estudios.<\/p>\n<p>Entre ellos, nos contamos quienes hemos dado forma a los textos que aqu\u00ed publicamos, recogiendo nuestras experiencias. Somos mujeres y hombres de distintos pa\u00edses y ciudades, nos comunicamos pese a que nuestras lenguas son diferentes, pero nos une un prop\u00f3sito com\u00fan que nos impulsa hacia los m\u00e1s altos estados internos, a los mundos radiantes y luminosos, volviendo transmutados de una experiencia que, siendo \u00fanica y extraordinaria, es tambi\u00e9n equivalente en todos quienes hacen silencio humildemente y logran darle espacio.<\/p>\n<p>En este \u00faltimo tiempo, rescatando las investigaciones que realizara John Lilly a fines de los a\u00f1os sesenta y las que acometiera Silo en la d\u00e9cada siguiente, algunos hemos desarrollado pruebas y experiencias directas someti\u00e9ndonos a pr\u00e1cticas de privaci\u00f3n sensorial en tanques de flotaci\u00f3n, conocidos como C\u00e1maras de Supresi\u00f3n Sensorial (CSS)<a id=\"footnote-16366-6-backlink\" class=\"footnote-link\" href=\"..\/Anexos\/Notas#footnote-16366-6\"><sup style=\"font-weight: normal;\">6<\/sup><\/a> y tambi\u00e9n como C\u00e1maras de Silencio (CS). Para ello hemos recurrido a lugares alejados donde montar nuestras propias instalaciones, dise\u00f1adas y construidas por nosotros, para llevar adelante ciclos de retiros programados en base a una metodolog\u00eda propia.<\/p>\n<p>Al fundamento te\u00f3rico de este tipo de pr\u00e1cticas est\u00e1 dedicada la primera parte de este libro. Luego siguen algunas explicaciones sobre la C\u00e1mara de Supresi\u00f3n Sensorial, para despu\u00e9s desarrollar en detalle la metodolog\u00eda original que hemos usado, creada por Federico Palumbo. Tambi\u00e9n lo que hemos experimentado est\u00e1 recogido de modo sint\u00e9tico y atendiendo a lo com\u00fan, en un siguiente cap\u00edtulo. Finalmente, quienes tengan inter\u00e9s en organizarse en grupo para llevar adelante investigaciones similares, contar\u00e1n con descripciones minuciosas de c\u00f3mo construir este tipo de instalaciones si quisieran montar una c\u00e1mara de flotaci\u00f3n de forma f\u00e1cil y accesible, hecha por ellos mismos y adem\u00e1s desmontable. Planos, dimensiones, materiales, cantidades, equipamiento tecnol\u00f3gico de control y mucho m\u00e1s viene no solamente descrito sino tambi\u00e9n ilustrado para facilitar la fabricaci\u00f3n de estos ambientes que, con pocas complicaciones, hacen disponible una interesante tecnolog\u00eda al servicio del desarrollo de la conciencia.<\/p>\n<p>Para terminar, en un apartado de Anexos incluimos algunos escritos que aportan antecedentes en el trabajo con CSS; un glosario de t\u00e9rminos y una breve referencia de cada uno de los autores de este escrito. Cerramos todo con una bibliograf\u00eda para quienes tengan inter\u00e9s en ampliar la comprensi\u00f3n de estos temas.<\/p>\n<p>Para nosotros este material constituye una s\u00edntesis de varios a\u00f1os de trabajo, al tiempo que abre una nueva etapa en la que buscamos compartir estas herramientas con otros que, al igual que nosotros, est\u00e1n en la b\u00fasqueda de La Experiencia Trascendental.<\/p>\n<\/div>\n","protected":false},"excerpt":{"rendered":"<p>Han sido innumerables los intentos humanos por avanzar en su proceso, superar el dolor y el sufrimiento, ayudar a otros, ampliar el horizonte temporal y elevar los niveles de conciencia. Cada cultura cuenta con sus propias formas de b\u00fasqueda de lo que podr\u00edamos llamar Lo Trascendente; v\u00edas m\u00edsticas que dejan de lado al \u201cYo\u201d1para adentrarse &hellip; <a href=\"http:\/\/www.transcendentalexperience.net\/index.php\/la-experiencia-trascendental\/1-introduccion\/\" class=\"more-link\">Continue reading<span class=\"screen-reader-text\"> &#8220;1. Introducci\u00f3n&#8221;<\/span><\/a><\/p>\n","protected":false},"author":1,"featured_media":0,"parent":6,"menu_order":13,"comment_status":"closed","ping_status":"closed","template":"","meta":{"footnotes":""},"class_list":["post-7","page","type-page","status-publish","hentry"],"_links":{"self":[{"href":"http:\/\/www.transcendentalexperience.net\/index.php\/wp-json\/wp\/v2\/pages\/7","targetHints":{"allow":["GET"]}}],"collection":[{"href":"http:\/\/www.transcendentalexperience.net\/index.php\/wp-json\/wp\/v2\/pages"}],"about":[{"href":"http:\/\/www.transcendentalexperience.net\/index.php\/wp-json\/wp\/v2\/types\/page"}],"author":[{"embeddable":true,"href":"http:\/\/www.transcendentalexperience.net\/index.php\/wp-json\/wp\/v2\/users\/1"}],"replies":[{"embeddable":true,"href":"http:\/\/www.transcendentalexperience.net\/index.php\/wp-json\/wp\/v2\/comments?post=7"}],"version-history":[{"count":5,"href":"http:\/\/www.transcendentalexperience.net\/index.php\/wp-json\/wp\/v2\/pages\/7\/revisions"}],"predecessor-version":[{"id":130,"href":"http:\/\/www.transcendentalexperience.net\/index.php\/wp-json\/wp\/v2\/pages\/7\/revisions\/130"}],"up":[{"embeddable":true,"href":"http:\/\/www.transcendentalexperience.net\/index.php\/wp-json\/wp\/v2\/pages\/6"}],"wp:attachment":[{"href":"http:\/\/www.transcendentalexperience.net\/index.php\/wp-json\/wp\/v2\/media?parent=7"}],"curies":[{"name":"wp","href":"https:\/\/api.w.org\/{rel}","templated":true}]}}